{"id":1532,"date":"2021-07-15T19:07:49","date_gmt":"2021-07-16T00:07:49","guid":{"rendered":"https:\/\/agencialead.com\/projects\/sollivan\/?page_id=1532"},"modified":"2021-10-06T16:21:42","modified_gmt":"2021-10-06T21:21:42","slug":"services","status":"publish","type":"page","link":"https:\/\/sollivan.com\/eng\/services\/","title":{"rendered":"Services"},"content":{"rendered":"<p><section class=\"fw-main-row  \"\n    style=\"background-color:;background-position: center center center;background-repeat: no-repeat;background-attachment:scroll;background-size:cover;\" >\n    <span class=\"bg-image-overlay\" style=\"background-color:; \"><\/span>\n    <div class=\"fw-container unyson_content\">\n\t\t            <div class=\"container\">\n\t\t\t\t\t\t\t\t<div class=\"row\">\n\t<div class=\"col-md-12       \" >\n    <div style=\" margin: ; padding: ;\">\n\t\n\n    <div class=\"fw-divider__space-30x  \"><\/div>\n    <\/div>\n<\/div>\n<\/div>\n\n<div class=\"row\">\n\t<div class=\"col-md-12       \" >\n    <div style=\" margin: ; padding: ;\">\n\t<div class=\"row iconboxes-row ibs-type1\">\n\t        <div class=\"col-md-6 col-sm-6  to_animate\" data-animation=\"fadeInUp\">\n\t\t\t<div class=\"fw-iconbox clearfix fw-iconbox--top ib-type1\">\n    <div class=\"fw-iconbox__image has-image\">\n        <a href=\"https:\/\/sollivan.com\/eng\/servicios\/power-quality-measurement\/\"><img decoding=\"async\" src=\"\/\/agencialead.com\/projects\/sollivan\/eng\/wp-content\/uploads\/sites\/2\/2021\/09\/Calidad-de-potencia0.png\" alt=\"\" \/>        <\/a>\n    <\/div>\n    <div class=\"fw-iconbox__aside\">\n        <div class=\"fw-iconbox__title\">\n            <h3><a href=\"https:\/\/sollivan.com\/eng\/servicios\/power-quality-measurement\/\">Power Quality Measurement<\/a><\/h3>\n        <\/div>\n\t\t            <div class=\"fw-iconbox__text\">\n                <div>Measurement of phenomena inherent in the voltage waveform using ION devices to identify the value of the deviation of the instantaneous voltage.<\/div>\n            <\/div>\n\t\t    <\/div>\n<\/div>        <\/div><!-- .icon box -->\n\t        <div class=\"col-md-6 col-sm-6  to_animate\" data-animation=\"fadeInUp\">\n\t\t\t<div class=\"fw-iconbox clearfix fw-iconbox--top ib-type1\">\n    <div class=\"fw-iconbox__image has-image\">\n        <a href=\"https:\/\/sollivan.com\/eng\/servicios\/energy-management\/\"><img decoding=\"async\" src=\"\/\/agencialead.com\/projects\/sollivan\/eng\/wp-content\/uploads\/sites\/2\/2021\/09\/Gestion-de-energia-PME-1.png\" alt=\"\" \/>        <\/a>\n    <\/div>\n    <div class=\"fw-iconbox__aside\">\n        <div class=\"fw-iconbox__title\">\n            <h3><a href=\"https:\/\/sollivan.com\/eng\/servicios\/energy-management\/\">Energy Management<\/a><\/h3>\n        <\/div>\n\t\t            <div class=\"fw-iconbox__text\">\n                <div>Energy management seeks to optimize the use of energy, to achieve a rational and efficient use of it without reducing its performance level.<\/div>\n            <\/div>\n\t\t    <\/div>\n<\/div>        <\/div><!-- .icon box -->\n\t        <div class=\"col-md-6 col-sm-6  to_animate\" data-animation=\"fadeInUp\">\n\t\t\t<div class=\"fw-iconbox clearfix fw-iconbox--top ib-type1\">\n    <div class=\"fw-iconbox__image has-image\">\n        <a href=\"https:\/\/sollivan.com\/eng\/servicios\/electric-power-quality\/\"><img decoding=\"async\" src=\"\/\/agencialead.com\/projects\/sollivan\/eng\/wp-content\/uploads\/sites\/2\/2021\/09\/Calidad-de-potencia.png\" alt=\"\" \/>        <\/a>\n    <\/div>\n    <div class=\"fw-iconbox__aside\">\n        <div class=\"fw-iconbox__title\">\n            <h3><a href=\"https:\/\/sollivan.com\/eng\/servicios\/electric-power-quality\/\">Electric Power Quality<\/a><\/h3>\n        <\/div>\n\t\t            <div class=\"fw-iconbox__text\">\n                <div>Monitoreo, an\u00e1lisis y estudios el\u00e9ctricos en Software ETAP para la implementaci\u00f3n de soluciones de mejora de la calidad de la potencia y confiabilidad de los sistemas el\u00e9ctricos...<\/div>\n            <\/div>\n\t\t    <\/div>\n<\/div>        <\/div><!-- .icon box -->\n\t        <div class=\"col-md-6 col-sm-6  to_animate\" data-animation=\"fadeInUp\">\n\t\t\t<div class=\"fw-iconbox clearfix fw-iconbox--top ib-type1\">\n    <div class=\"fw-iconbox__image has-image\">\n        <a href=\"https:\/\/sollivan.com\/eng\/servicios\/electrical-studies\/\"><img decoding=\"async\" src=\"\/\/agencialead.com\/projects\/sollivan\/eng\/wp-content\/uploads\/sites\/2\/2021\/09\/Automatizacion-de-subestaciones.png\" alt=\"\" \/>        <\/a>\n    <\/div>\n    <div class=\"fw-iconbox__aside\">\n        <div class=\"fw-iconbox__title\">\n            <h3><a href=\"https:\/\/sollivan.com\/eng\/servicios\/electrical-studies\/\">Electrical Studies<\/a><\/h3>\n        <\/div>\n\t\t            <div class=\"fw-iconbox__text\">\n                <div>Elaboration of electrical studies for power flow, short circuit, protection coordination, electric arc, harmonics, grounding, shielding, insulation using specialized ETAP Software for the design and improvement of the performance and reliability of electrical systems.<\/div>\n            <\/div>\n\t\t    <\/div>\n<\/div>        <\/div><!-- .icon box -->\n\t        <div class=\"col-md-6 col-sm-6  to_animate\" data-animation=\"fadeInUp\">\n\t\t\t<div class=\"fw-iconbox clearfix fw-iconbox--top ib-type1\">\n    <div class=\"fw-iconbox__image has-image\">\n        <a href=\"https:\/\/sollivan.com\/eng\/servicios\/building-automation\/\"><img decoding=\"async\" src=\"\/\/agencialead.com\/projects\/sollivan\/eng\/wp-content\/uploads\/sites\/2\/2021\/09\/Automatizacion-de-edificios.png\" alt=\"\" \/>        <\/a>\n    <\/div>\n    <div class=\"fw-iconbox__aside\">\n        <div class=\"fw-iconbox__title\">\n            <h3><a href=\"https:\/\/sollivan.com\/eng\/servicios\/building-automation\/\">Building Automation<\/a><\/h3>\n        <\/div>\n\t\t            <div class=\"fw-iconbox__text\">\n                <div>A Building Management System (BMS) is a high-tech platform that allows controlling building systems and subsystems using a wide range of specialized controllers and independent remote stations<\/div>\n            <\/div>\n\t\t    <\/div>\n<\/div>        <\/div><!-- .icon box -->\n\t        <div class=\"col-md-6 col-sm-6  to_animate\" data-animation=\"fadeInUp\">\n\t\t\t<div class=\"fw-iconbox clearfix fw-iconbox--top ib-type1\">\n    <div class=\"fw-iconbox__image has-image\">\n        <a href=\"https:\/\/sollivan.com\/eng\/servicios\/control-and-protection\/\"><img decoding=\"async\" src=\"\/\/agencialead.com\/projects\/sollivan\/eng\/wp-content\/uploads\/sites\/2\/2021\/09\/Control-y-proteccion.png\" alt=\"\" \/>        <\/a>\n    <\/div>\n    <div class=\"fw-iconbox__aside\">\n        <div class=\"fw-iconbox__title\">\n            <h3><a href=\"https:\/\/sollivan.com\/eng\/servicios\/control-and-protection\/\">Control and Protection<\/a><\/h3>\n        <\/div>\n\t\t            <div class=\"fw-iconbox__text\">\n                <div>Installation, configuration, secondary injection testing, and commissioning of Schneider Electric protection relays for different applications: generator, transformer, feeder and bay control, motor.\r\n<\/div>\n            <\/div>\n\t\t    <\/div>\n<\/div>        <\/div><!-- .icon box -->\n\t        <div class=\"col-md-6 col-sm-6  to_animate\" data-animation=\"fadeInUp\">\n\t\t\t<div class=\"fw-iconbox clearfix fw-iconbox--top ib-type1\">\n    <div class=\"fw-iconbox__image has-image\">\n        <a href=\"https:\/\/sollivan.com\/eng\/servicios\/automation-of-electrical-substations\/\"><img decoding=\"async\" src=\"\/\/agencialead.com\/projects\/sollivan\/eng\/wp-content\/uploads\/sites\/2\/2021\/09\/Sol.-Calidad-de-la-Potencia.png\" alt=\"\" \/>        <\/a>\n    <\/div>\n    <div class=\"fw-iconbox__aside\">\n        <div class=\"fw-iconbox__title\">\n            <h3><a href=\"https:\/\/sollivan.com\/eng\/servicios\/automation-of-electrical-substations\/\">Automation of Electrical Substations<\/a><\/h3>\n        <\/div>\n\t\t            <div class=\"fw-iconbox__text\">\n                <div>A Building Management System (BMS) is a high-tech platform that allows controlling building systems and subsystems using a wide range of specialized controllers and independent remote stations<\/div>\n            <\/div>\n\t\t    <\/div>\n<\/div>        <\/div><!-- .icon box -->\n\t        <div class=\"col-md-6 col-sm-6  to_animate\" data-animation=\"fadeInUp\">\n\t\t\t<div class=\"fw-iconbox clearfix fw-iconbox--top ib-type1\">\n    <div class=\"fw-iconbox__image has-image\">\n        <a href=\"https:\/\/sollivan.com\/eng\/servicios\/measure-standardization\/\"><img decoding=\"async\" src=\"\/\/agencialead.com\/projects\/sollivan\/eng\/wp-content\/uploads\/sites\/2\/2021\/09\/efectividad.png\" alt=\"\" \/>        <\/a>\n    <\/div>\n    <div class=\"fw-iconbox__aside\">\n        <div class=\"fw-iconbox__title\">\n            <h3><a href=\"https:\/\/sollivan.com\/eng\/servicios\/measure-standardization\/\">Measure Standardization<\/a><\/h3>\n        <\/div>\n\t\t            <div class=\"fw-iconbox__text\">\n                <div>Personalized advice to our Industrial Clients for full compliance with the new Measurement Code, CREG Resolution 038 of 2014.<\/div>\n            <\/div>\n\t\t    <\/div>\n<\/div>        <\/div><!-- .icon box -->\n\t<\/div><!-- .iconboxes-row -->    <\/div>\n<\/div>\n<\/div>\n\n\t\t\t\t        <\/div>\n\t    <\/div>\n<\/section>\n<section class=\"fw-main-row  bg- \"\n     >\n    <span class=\"bg-image-overlay bg-\" style=\" \"><\/span>\n    <div class=\"fw-container unyson_content\">\n\t\t            <div class=\"container\">\n\t\t\t\t\t\t\t\t<div class=\"row\">\n\t<div class=\"    col-lg-9 col-md-12  \" >\n    <div style=\" margin: ; padding: ;\">\n\t\n\n    <div class=\"fw-divider__space-20x  \"><\/div>\n\n\n    <\/div>\n<\/div>\n<\/div>\n\n<div class=\"row\">\n\t<div class=\"col-md-12       \" >\n    <div style=\" margin: ; padding: ;\">\n\t\n\n    <div class=\"fw-divider__space-30x  \"><\/div>\n    <\/div>\n<\/div>\n<\/div>\n\n\t\t\t\t        <\/div>\n\t    <\/div>\n<\/section>\n<section class=\"fw-main-row  section-dark-bg bg-  hidden-lg hidden-md hidden-sm\"\n     >\n    <span class=\"bg-image-overlay bg-\" style=\" \"><\/span>\n    <div class=\"fw-container-fluid unyson_fullwidth\">\n\t\t        <div class=\"container has-container\">\n\t\t\t\t\t\t\t<div class=\"row\">\n\t<div class=\"col-md-4       \" >\n    <div style=\" margin: ; padding: ;\">\n\t\n\n    <div class=\"fw-divider__space-05x  \"><\/div>\n<span class=\"unyson-media-image\"><img decoding=\"async\" src=\"\/\/agencialead.com\/projects\/sollivan\/wp-content\/uploads\/2021\/06\/logo-whithe.png\" alt=\"\/\/agencialead.com\/projects\/sollivan\/wp-content\/uploads\/2021\/06\/logo-whithe.png\" \/><\/span>    <\/div>\n<\/div>\n<div class=\"col-md-3       \" >\n    <div style=\" margin: ; padding: ;\">\n\t\n\n    <div class=\"fw-divider__space-15x  \"><\/div>\n<div class=\"fw-iconbox clearfix fw-iconbox--left ib-type1\">\n    <div class=\"fw-iconbox__image \">\n        <a href=\"\">            <i class=\"fa fa-map-marker\"><\/i>        <\/a>\n    <\/div>\n    <div class=\"fw-iconbox__aside\">\n        <div class=\"fw-iconbox__title\">\n            <h3>Direcci\u00f3n <\/h3>\n        <\/div>\n\t\t            <div class=\"fw-iconbox__text\">\n                <div>Av. Calle 26 # 102 20, Buro 26, Piso 3<\/div>\n            <\/div>\n\t\t    <\/div>\n<\/div>    <\/div>\n<\/div>\n<div class=\"col-md-2       \" >\n    <div style=\" margin: ; padding: ;\">\n\t\n\n    <div class=\"fw-divider__space-15x  \"><\/div>\n<div class=\"fw-iconbox clearfix fw-iconbox--left ib-type1\">\n    <div class=\"fw-iconbox__image \">\n        <a href=\"\">            <i class=\"flaticon-smartphone\"><\/i>        <\/a>\n    <\/div>\n    <div class=\"fw-iconbox__aside\">\n        <div class=\"fw-iconbox__title\">\n            <h3>Tel\u00e9fono<\/h3>\n        <\/div>\n\t\t            <div class=\"fw-iconbox__text\">\n                <div>+57 1 739 7601<\/div>\n            <\/div>\n\t\t    <\/div>\n<\/div>    <\/div>\n<\/div>\n<div class=\"col-md-3       \" >\n    <div style=\" margin: ; padding: ;\">\n\t\n\n    <div class=\"fw-divider__space-15x  \"><\/div>\n<div class=\"fw-iconbox clearfix fw-iconbox--left ib-type1\">\n    <div class=\"fw-iconbox__image \">\n        <a href=\"\">            <i class=\"fa fa-envelope\"><\/i>        <\/a>\n    <\/div>\n    <div class=\"fw-iconbox__aside\">\n        <div class=\"fw-iconbox__title\">\n            <h3>Email<\/h3>\n        <\/div>\n\t\t            <div class=\"fw-iconbox__text\">\n                <div>ofertas@sollivan.com<\/div>\n            <\/div>\n\t\t    <\/div>\n<\/div>    <\/div>\n<\/div>\n<\/div>\n\n\t\t\t\t            <\/div>\n\t\t\t    <\/div>\n<\/section>\n<\/p>\n","protected":false},"excerpt":{"rendered":"<p>All Category1 Category2 Category3 Category2 Portfolio11 Consetetur sadipscing elitr, sed diam nonumy eirmod tempor invidunt ut labore et dolore magna aliquyam erat, sed diam voluptua. At vero eos et accusam et justo duo dolores et ea rebum. Stet clita kasd gubergren, no sea takimata sanctus est Lorem ipsum dolor sit amet. Lorem ipsum dolor sit&hellip;<\/p>\n","protected":false},"author":2,"featured_media":0,"parent":0,"menu_order":0,"comment_status":"closed","ping_status":"closed","template":"","meta":{"footnotes":""},"class_list":["post-1532","page","type-page","status-publish","hentry"],"yoast_head":"<!-- This site is optimized with the Yoast SEO Premium plugin v17.4 (Yoast SEO v17.4) - https:\/\/yoast.com\/wordpress\/plugins\/seo\/ -->\n<title>Services - Sollivan<\/title>\n<meta name=\"robots\" content=\"index, follow, max-snippet:-1, max-image-preview:large, max-video-preview:-1\" \/>\n<link rel=\"canonical\" href=\"https:\/\/sollivan.com\/eng\/services\/\" \/>\n<meta property=\"og:locale\" content=\"en_US\" \/>\n<meta property=\"og:type\" content=\"article\" \/>\n<meta property=\"og:title\" content=\"Services\" \/>\n<meta property=\"og:description\" content=\"All Category1 Category2 Category3 Category2 Portfolio11 Consetetur sadipscing elitr, sed diam nonumy eirmod tempor invidunt ut labore et dolore magna aliquyam erat, sed diam voluptua. At vero eos et accusam et justo duo dolores et ea rebum. Stet clita kasd gubergren, no sea takimata sanctus est Lorem ipsum dolor sit amet. Lorem ipsum dolor sit&hellip;\" \/>\n<meta property=\"og:url\" content=\"https:\/\/sollivan.com\/eng\/services\/\" \/>\n<meta property=\"og:site_name\" content=\"Sollivan\" \/>\n<meta property=\"article:modified_time\" content=\"2021-10-06T21:21:42+00:00\" \/>\n<meta property=\"og:image\" content=\"\/\/agencialead.com\/projects\/sollivan\/eng\/wp-content\/uploads\/sites\/2\/2021\/09\/Calidad-de-potencia0.png\" \/>\n<meta name=\"twitter:card\" content=\"summary_large_image\" \/>\n<meta name=\"twitter:label1\" content=\"Est. reading time\" \/>\n\t<meta name=\"twitter:data1\" content=\"1 minute\" \/>\n<script type=\"application\/ld+json\" class=\"yoast-schema-graph\">{\"@context\":\"https:\/\/schema.org\",\"@graph\":[{\"@type\":\"WebSite\",\"@id\":\"https:\/\/sollivan.com\/eng\/#website\",\"url\":\"https:\/\/sollivan.com\/eng\/\",\"name\":\"Sollivan\",\"description\":\"Making Energy Sustainability possible\",\"potentialAction\":[{\"@type\":\"SearchAction\",\"target\":{\"@type\":\"EntryPoint\",\"urlTemplate\":\"https:\/\/sollivan.com\/eng\/?s={search_term_string}\"},\"query-input\":\"required name=search_term_string\"}],\"inLanguage\":\"en-US\"},{\"@type\":\"ImageObject\",\"@id\":\"https:\/\/sollivan.com\/eng\/services\/#primaryimage\",\"inLanguage\":\"en-US\",\"url\":\"\/\/agencialead.com\/projects\/sollivan\/eng\/wp-content\/uploads\/sites\/2\/2021\/09\/Calidad-de-potencia0.png\",\"contentUrl\":\"\/\/agencialead.com\/projects\/sollivan\/eng\/wp-content\/uploads\/sites\/2\/2021\/09\/Calidad-de-potencia0.png\"},{\"@type\":\"WebPage\",\"@id\":\"https:\/\/sollivan.com\/eng\/services\/#webpage\",\"url\":\"https:\/\/sollivan.com\/eng\/services\/\",\"name\":\"Services - Sollivan\",\"isPartOf\":{\"@id\":\"https:\/\/sollivan.com\/eng\/#website\"},\"primaryImageOfPage\":{\"@id\":\"https:\/\/sollivan.com\/eng\/services\/#primaryimage\"},\"datePublished\":\"2021-07-16T00:07:49+00:00\",\"dateModified\":\"2021-10-06T21:21:42+00:00\",\"breadcrumb\":{\"@id\":\"https:\/\/sollivan.com\/eng\/services\/#breadcrumb\"},\"inLanguage\":\"en-US\",\"potentialAction\":[{\"@type\":\"ReadAction\",\"target\":[\"https:\/\/sollivan.com\/eng\/services\/\"]}]},{\"@type\":\"BreadcrumbList\",\"@id\":\"https:\/\/sollivan.com\/eng\/services\/#breadcrumb\",\"itemListElement\":[{\"@type\":\"ListItem\",\"position\":1,\"name\":\"Home\",\"item\":\"https:\/\/sollivan.com\/eng\/\"},{\"@type\":\"ListItem\",\"position\":2,\"name\":\"Services\"}]}]}<\/script>\n<!-- \/ Yoast SEO Premium plugin. -->","yoast_head_json":{"title":"Services - Sollivan","robots":{"index":"index","follow":"follow","max-snippet":"max-snippet:-1","max-image-preview":"max-image-preview:large","max-video-preview":"max-video-preview:-1"},"canonical":"https:\/\/sollivan.com\/eng\/services\/","og_locale":"en_US","og_type":"article","og_title":"Services","og_description":"All Category1 Category2 Category3 Category2 Portfolio11 Consetetur sadipscing elitr, sed diam nonumy eirmod tempor invidunt ut labore et dolore magna aliquyam erat, sed diam voluptua. At vero eos et accusam et justo duo dolores et ea rebum. Stet clita kasd gubergren, no sea takimata sanctus est Lorem ipsum dolor sit amet. Lorem ipsum dolor sit&hellip;","og_url":"https:\/\/sollivan.com\/eng\/services\/","og_site_name":"Sollivan","article_modified_time":"2021-10-06T21:21:42+00:00","og_image":[{"url":"\/\/agencialead.com\/projects\/sollivan\/eng\/wp-content\/uploads\/sites\/2\/2021\/09\/Calidad-de-potencia0.png"}],"twitter_card":"summary_large_image","twitter_misc":{"Est. reading time":"1 minute"},"schema":{"@context":"https:\/\/schema.org","@graph":[{"@type":"WebSite","@id":"https:\/\/sollivan.com\/eng\/#website","url":"https:\/\/sollivan.com\/eng\/","name":"Sollivan","description":"Making Energy Sustainability possible","potentialAction":[{"@type":"SearchAction","target":{"@type":"EntryPoint","urlTemplate":"https:\/\/sollivan.com\/eng\/?s={search_term_string}"},"query-input":"required name=search_term_string"}],"inLanguage":"en-US"},{"@type":"ImageObject","@id":"https:\/\/sollivan.com\/eng\/services\/#primaryimage","inLanguage":"en-US","url":"\/\/agencialead.com\/projects\/sollivan\/eng\/wp-content\/uploads\/sites\/2\/2021\/09\/Calidad-de-potencia0.png","contentUrl":"\/\/agencialead.com\/projects\/sollivan\/eng\/wp-content\/uploads\/sites\/2\/2021\/09\/Calidad-de-potencia0.png"},{"@type":"WebPage","@id":"https:\/\/sollivan.com\/eng\/services\/#webpage","url":"https:\/\/sollivan.com\/eng\/services\/","name":"Services - Sollivan","isPartOf":{"@id":"https:\/\/sollivan.com\/eng\/#website"},"primaryImageOfPage":{"@id":"https:\/\/sollivan.com\/eng\/services\/#primaryimage"},"datePublished":"2021-07-16T00:07:49+00:00","dateModified":"2021-10-06T21:21:42+00:00","breadcrumb":{"@id":"https:\/\/sollivan.com\/eng\/services\/#breadcrumb"},"inLanguage":"en-US","potentialAction":[{"@type":"ReadAction","target":["https:\/\/sollivan.com\/eng\/services\/"]}]},{"@type":"BreadcrumbList","@id":"https:\/\/sollivan.com\/eng\/services\/#breadcrumb","itemListElement":[{"@type":"ListItem","position":1,"name":"Home","item":"https:\/\/sollivan.com\/eng\/"},{"@type":"ListItem","position":2,"name":"Services"}]}]}},"_links":{"self":[{"href":"https:\/\/sollivan.com\/eng\/wp-json\/wp\/v2\/pages\/1532","targetHints":{"allow":["GET"]}}],"collection":[{"href":"https:\/\/sollivan.com\/eng\/wp-json\/wp\/v2\/pages"}],"about":[{"href":"https:\/\/sollivan.com\/eng\/wp-json\/wp\/v2\/types\/page"}],"author":[{"embeddable":true,"href":"https:\/\/sollivan.com\/eng\/wp-json\/wp\/v2\/users\/2"}],"replies":[{"embeddable":true,"href":"https:\/\/sollivan.com\/eng\/wp-json\/wp\/v2\/comments?post=1532"}],"version-history":[{"count":15,"href":"https:\/\/sollivan.com\/eng\/wp-json\/wp\/v2\/pages\/1532\/revisions"}],"predecessor-version":[{"id":2397,"href":"https:\/\/sollivan.com\/eng\/wp-json\/wp\/v2\/pages\/1532\/revisions\/2397"}],"wp:attachment":[{"href":"https:\/\/sollivan.com\/eng\/wp-json\/wp\/v2\/media?parent=1532"}],"curies":[{"name":"wp","href":"https:\/\/api.w.org\/{rel}","templated":true}]}}